{"id":615,"date":"2024-07-12T04:00:43","date_gmt":"2024-07-12T04:00:43","guid":{"rendered":"https:\/\/villafernandes.it\/?page_id=615"},"modified":"2025-03-12T18:29:58","modified_gmt":"2025-03-12T17:29:58","slug":"attivita","status":"publish","type":"page","link":"https:\/\/villafernandes.it\/en\/attivita\/","title":{"rendered":"Attivit\u00e0"},"content":{"rendered":"<div data-elementor-type=\"wp-page\" data-elementor-id=\"615\" class=\"elementor elementor-615\" data-elementor-post-type=\"page\">\n\t\t\t\t\t\t<section data-dce-background-image-url=\"https:\/\/villafernandes.it\/wp-content\/uploads\/2024\/07\/Foto-Header-chi-siamo.jpg\" class=\"elementor-section elementor-top-section elementor-element elementor-element-f22686d elementor-section-height-min-height elementor-section-boxed elementor-section-height-default elementor-section-items-middle\" data-id=\"f22686d\" data-element_type=\"section\" data-settings=\"{&quot;background_background&quot;:&quot;classic&quot;,&quot;background_motion_fx_motion_fx_scrolling&quot;:&quot;yes&quot;,&quot;background_motion_fx_scale_effect&quot;:&quot;yes&quot;,&quot;background_motion_fx_scale_speed&quot;:{&quot;unit&quot;:&quot;px&quot;,&quot;size&quot;:2,&quot;sizes&quot;:[]},&quot;background_motion_fx_scale_direction&quot;:&quot;out-in&quot;,&quot;background_motion_fx_scale_range&quot;:{&quot;unit&quot;:&quot;%&quot;,&quot;size&quot;:&quot;&quot;,&quot;sizes&quot;:{&quot;start&quot;:20,&quot;end&quot;:80}},&quot;background_motion_fx_devices&quot;:[&quot;desktop&quot;,&quot;tablet&quot;,&quot;mobile&quot;]}\">\n\t\t\t\t\t\t\t<div class=\"elementor-background-overlay\"><\/div>\n\t\t\t\t\t\t\t<div class=\"elementor-container elementor-column-gap-default\">\n\t\t\t\t\t<div class=\"elementor-column elementor-col-100 elementor-top-column elementor-element elementor-element-96e0fea\" data-id=\"96e0fea\" data-element_type=\"column\">\n\t\t\t<div class=\"elementor-widget-wrap elementor-element-populated\">\n\t\t\t\t\t\t<div class=\"elementor-element elementor-element-d653536 animated-fast elementor-invisible elementor-widget elementor-widget-heading\" data-id=\"d653536\" data-element_type=\"widget\" data-settings=\"{&quot;_animation&quot;:&quot;fadeInUp&quot;,&quot;_animation_tablet&quot;:&quot;fadeIn&quot;}\" data-widget_type=\"heading.default\">\n\t\t\t\t<div class=\"elementor-widget-container\">\n\t\t\t\t\t<h1 class=\"elementor-heading-title elementor-size-default\">Regular activities<\/h1>\t\t\t\t<\/div>\n\t\t\t\t<\/div>\n\t\t\t\t\t<\/div>\n\t\t<\/div>\n\t\t\t\t\t<\/div>\n\t\t<\/section>\n\t\t<div class=\"elementor-element elementor-element-2561beb e-grid e-con-boxed e-con e-parent\" data-id=\"2561beb\" data-element_type=\"container\" data-settings=\"{&quot;background_background&quot;:&quot;classic&quot;}\">\n\t\t\t\t\t<div class=\"e-con-inner\">\n\t\t<div class=\"elementor-element elementor-element-c7a0c5c e-grid e-con-full e-con e-child\" data-id=\"c7a0c5c\" data-element_type=\"container\" data-settings=\"{&quot;background_background&quot;:&quot;classic&quot;}\">\n\t\t\t\t<div class=\"elementor-element elementor-element-afe39e8 animated-fast elementor-invisible elementor-widget elementor-widget-heading\" data-id=\"afe39e8\" data-element_type=\"widget\" data-settings=\"{&quot;_animation&quot;:&quot;fadeIn&quot;,&quot;_animation_delay&quot;:200}\" data-widget_type=\"heading.default\">\n\t\t\t\t<div class=\"elementor-widget-container\">\n\t\t\t\t\t<h2 class=\"elementor-heading-title elementor-size-default\">Regular activities:<\/h2>\t\t\t\t<\/div>\n\t\t\t\t<\/div>\n\t\t\t\t<div class=\"elementor-element elementor-element-dd40f16 animated-fast elementor-invisible elementor-widget elementor-widget-text-editor\" data-id=\"dd40f16\" data-element_type=\"widget\" data-settings=\"{&quot;_animation&quot;:&quot;fadeIn&quot;,&quot;_animation_delay&quot;:300}\" data-widget_type=\"text-editor.default\">\n\t\t\t\t<div class=\"elementor-widget-container\">\n\t\t\t\t\t\t\t\t\t<div>\n<h4>Parenting Support Course<\/h4>\n<strong>FRIDAY 18.00\/21.00<\/strong> at <strong>AULA 2-floor 1<\/strong> (Contact Martina Trampetti \u2013 Agora)\n\n<\/div>\t\t\t\t\t\t\t\t<\/div>\n\t\t\t\t<\/div>\n\t\t\t\t<div class=\"elementor-element elementor-element-9f5483d animated-fast elementor-invisible elementor-widget elementor-widget-text-editor\" data-id=\"9f5483d\" data-element_type=\"widget\" data-settings=\"{&quot;_animation&quot;:&quot;fadeIn&quot;,&quot;_animation_delay&quot;:300}\" data-widget_type=\"text-editor.default\">\n\t\t\t\t<div class=\"elementor-widget-container\">\n\t\t\t\t\t\t\t\t\t<div>\n<h4>Italian course for Foreigners<\/h4>\nThe L2 Italian course is open to all beneficiaries of the Portici SAI project. It's a literacy course that includes levels ranging from pre A1 to B1 of the CEFR (the common european framework of reference).\n\n<strong>WEDNESDAY and THURSDAY 09.00-14.00<\/strong> at <strong>AULA 1 first floor<\/strong> (Contact Valentina \u2013 Arci Mediterranean)\n\n<\/div>\t\t\t\t\t\t\t\t<\/div>\n\t\t\t\t<\/div>\n\t\t\t\t<div class=\"elementor-element elementor-element-8a9cef9 animated-fast elementor-invisible elementor-widget elementor-widget-text-editor\" data-id=\"8a9cef9\" data-element_type=\"widget\" data-settings=\"{&quot;_animation&quot;:&quot;fadeIn&quot;,&quot;_animation_delay&quot;:300}\" data-widget_type=\"text-editor.default\">\n\t\t\t\t<div class=\"elementor-widget-container\">\n\t\t\t\t\t\t\t\t\t<div>\n<h4>Let&#039;s learn Japanese<\/h4>\nA first approach to Japanese culture, that combines the study of the japanese language and insights related to its culture with the teacher Ciaki Takahashi.\n\n<strong>Two Tuesdays of the month from 18.00 to 19.30<\/strong> at <strong>AULA 1 first floor<\/strong> (Contact Patrizia Picardi \u2013 Edulab)\n\n<\/div>\t\t\t\t\t\t\t\t<\/div>\n\t\t\t\t<\/div>\n\t\t\t\t<div class=\"elementor-element elementor-element-8aa9f13 animated-fast elementor-invisible elementor-widget elementor-widget-text-editor\" data-id=\"8aa9f13\" data-element_type=\"widget\" data-settings=\"{&quot;_animation&quot;:&quot;fadeIn&quot;,&quot;_animation_delay&quot;:300}\" data-widget_type=\"text-editor.default\">\n\t\t\t\t<div class=\"elementor-widget-container\">\n\t\t\t\t\t\t\t\t\t<div>\n<h4>Reading group<\/h4>\n<strong>WEDNESDAY 17.30\/19.00<\/strong> at <strong>Room 2 first floor<\/strong> (Contact Antonella Renzullo \u2013 Tells Italy)\n\nOne meeting a month is dedicated to the reading group, which is called \u201cReadings in villa\u201d and is open to all reading lovers. The other Wednesday, are aimed at a wider audience, with various initiatives such as meetings with authors, games, marathons, literary and other activities related to reading.\n\n<\/div>\t\t\t\t\t\t\t\t<\/div>\n\t\t\t\t<\/div>\n\t\t\t\t<div class=\"elementor-element elementor-element-7918eef animated-fast elementor-invisible elementor-widget elementor-widget-text-editor\" data-id=\"7918eef\" data-element_type=\"widget\" data-settings=\"{&quot;_animation&quot;:&quot;fadeIn&quot;,&quot;_animation_delay&quot;:300}\" data-widget_type=\"text-editor.default\">\n\t\t\t\t<div class=\"elementor-widget-container\">\n\t\t\t\t\t\t\t\t\t<div>\n<h4>Laboratories of Reading for kids<\/h4>\n<strong>SATURDAY (3rd of each month) 10.00 am to 12.30 pm<\/strong> at <strong>CLASSROOM 1 and 2 first floor<\/strong> (Contact Antonella Renzullo \u2013 Tells Italy)\n\n<\/div>\t\t\t\t\t\t\t\t<\/div>\n\t\t\t\t<\/div>\n\t\t\t\t<div class=\"elementor-element elementor-element-bf9e9e9 animated-fast elementor-invisible elementor-widget elementor-widget-text-editor\" data-id=\"bf9e9e9\" data-element_type=\"widget\" data-settings=\"{&quot;_animation&quot;:&quot;fadeIn&quot;,&quot;_animation_delay&quot;:300}\" data-widget_type=\"text-editor.default\">\n\t\t\t\t<div class=\"elementor-widget-container\">\n\t\t\t\t\t\t\t\t\t<div>\n<h4>A fairy Tale to Grow up<\/h4>\nIt is a new cycle of workshops on fairy tales intended for children aged 6 to 9 years, organized by the EDU lab association. The workshops are free and will have a duration of two hours each, they will take place once a month on Saturday mornings from 10.30 am to 12.30 pm, from October to May.\n\n(Contact Patrizia Picardi) at <strong>AULA 1 first floor<\/strong>\n\n<\/div>\t\t\t\t\t\t\t\t<\/div>\n\t\t\t\t<\/div>\n\t\t\t\t<div class=\"elementor-element elementor-element-0aff099 animated-fast elementor-invisible elementor-widget elementor-widget-text-editor\" data-id=\"0aff099\" data-element_type=\"widget\" data-settings=\"{&quot;_animation&quot;:&quot;fadeIn&quot;,&quot;_animation_delay&quot;:300}\" data-widget_type=\"text-editor.default\">\n\t\t\t\t<div class=\"elementor-widget-container\">\n\t\t\t\t\t\t\t\t\t<div>\n<h4>Mindfullness<\/h4>\nMindfulness is observation and awareness. Meditation invites us to pause, breathe and connect with our inner experience, helping develop self-esteem and strengthen the mental and physical balance, with a beneficial effect on stress.\n\n<strong>MONDAY every 15 days 18.00\/19.30<\/strong> at <strong>Room 2 first floor<\/strong> (Contact Daniela Scala \u2013 Go Beyond)\n\n<\/div>\t\t\t\t\t\t\t\t<\/div>\n\t\t\t\t<\/div>\n\t\t\t\t<\/div>\n\t\t\t\t\t<\/div>\n\t\t\t\t<\/div>\n\t\t\t\t<\/div>","protected":false},"excerpt":{"rendered":"<p>Attivit\u00e0 periodiche Attivit\u00e0 periodiche: Corso di Sostegno alla Genitorialit\u00e0 VENERDI ore 18.00\/21.00 presso AULA 2 piano 1 (Referente Martina Trampetti &#8211; Agor\u00e0) Corso di Italiano per Stranieri Il corso di [&hellip;]<\/p>","protected":false},"author":1,"featured_media":0,"parent":0,"menu_order":0,"comment_status":"closed","ping_status":"closed","template":"","meta":{"_acf_changed":false,"footnotes":""},"class_list":["post-615","page","type-page","status-publish","hentry"],"acf":[],"_links":{"self":[{"href":"https:\/\/villafernandes.it\/en\/wp-json\/wp\/v2\/pages\/615"}],"collection":[{"href":"https:\/\/villafernandes.it\/en\/wp-json\/wp\/v2\/pages"}],"about":[{"href":"https:\/\/villafernandes.it\/en\/wp-json\/wp\/v2\/types\/page"}],"author":[{"embeddable":true,"href":"https:\/\/villafernandes.it\/en\/wp-json\/wp\/v2\/users\/1"}],"replies":[{"embeddable":true,"href":"https:\/\/villafernandes.it\/en\/wp-json\/wp\/v2\/comments?post=615"}],"version-history":[{"count":131,"href":"https:\/\/villafernandes.it\/en\/wp-json\/wp\/v2\/pages\/615\/revisions"}],"predecessor-version":[{"id":1780,"href":"https:\/\/villafernandes.it\/en\/wp-json\/wp\/v2\/pages\/615\/revisions\/1780"}],"wp:attachment":[{"href":"https:\/\/villafernandes.it\/en\/wp-json\/wp\/v2\/media?parent=615"}],"curies":[{"name":"wp","href":"https:\/\/api.w.org\/{rel}","templated":true}]}}