{"id":3177,"date":"2025-06-25T16:58:55","date_gmt":"2025-06-25T14:58:55","guid":{"rendered":"https:\/\/villafernandes.it\/?page_id=3177"},"modified":"2025-07-11T15:45:23","modified_gmt":"2025-07-11T13:45:23","slug":"dabliu-bistrot","status":"publish","type":"page","link":"https:\/\/villafernandes.it\/en\/dabliu-bistrot\/","title":{"rendered":"Dabliu Bistro"},"content":{"rendered":"<div data-elementor-type=\"wp-page\" data-elementor-id=\"3177\" class=\"elementor elementor-3177\" data-elementor-post-type=\"page\">\n\t\t\t\t\t\t<section data-dce-background-image-url=\"https:\/\/villafernandes.it\/wp-content\/uploads\/2024\/07\/Header-servizi.jpg\" class=\"elementor-section elementor-top-section elementor-element elementor-element-f22686d elementor-section-height-min-height elementor-section-boxed elementor-section-height-default elementor-section-items-middle\" data-id=\"f22686d\" data-element_type=\"section\" data-settings=\"{&quot;background_background&quot;:&quot;classic&quot;,&quot;background_motion_fx_motion_fx_scrolling&quot;:&quot;yes&quot;,&quot;background_motion_fx_scale_effect&quot;:&quot;yes&quot;,&quot;background_motion_fx_scale_speed&quot;:{&quot;unit&quot;:&quot;px&quot;,&quot;size&quot;:2,&quot;sizes&quot;:[]},&quot;background_motion_fx_scale_direction&quot;:&quot;out-in&quot;,&quot;background_motion_fx_scale_range&quot;:{&quot;unit&quot;:&quot;%&quot;,&quot;size&quot;:&quot;&quot;,&quot;sizes&quot;:{&quot;start&quot;:20,&quot;end&quot;:80}},&quot;background_motion_fx_devices&quot;:[&quot;desktop&quot;,&quot;tablet&quot;,&quot;mobile&quot;]}\">\n\t\t\t\t\t\t\t<div class=\"elementor-background-overlay\"><\/div>\n\t\t\t\t\t\t\t<div class=\"elementor-container elementor-column-gap-default\">\n\t\t\t\t\t<div class=\"elementor-column elementor-col-100 elementor-top-column elementor-element elementor-element-96e0fea\" data-id=\"96e0fea\" data-element_type=\"column\">\n\t\t\t<div class=\"elementor-widget-wrap elementor-element-populated\">\n\t\t\t\t\t\t<div class=\"elementor-element elementor-element-d653536 animated-fast elementor-invisible elementor-widget elementor-widget-heading\" data-id=\"d653536\" data-element_type=\"widget\" data-settings=\"{&quot;_animation&quot;:&quot;fadeInUp&quot;,&quot;_animation_tablet&quot;:&quot;fadeIn&quot;}\" data-widget_type=\"heading.default\">\n\t\t\t\t<div class=\"elementor-widget-container\">\n\t\t\t\t\t<h1 class=\"elementor-heading-title elementor-size-default\">Dabliu Bistr\u00f2<\/h1>\t\t\t\t<\/div>\n\t\t\t\t<\/div>\n\t\t\t\t\t<\/div>\n\t\t<\/div>\n\t\t\t\t\t<\/div>\n\t\t<\/section>\n\t\t\t\t<section class=\"elementor-section elementor-top-section elementor-element elementor-element-1695dd1 elementor-section-content-middle elementor-section-boxed elementor-section-height-default elementor-section-height-default\" data-id=\"1695dd1\" data-element_type=\"section\" data-settings=\"{&quot;background_background&quot;:&quot;classic&quot;}\">\n\t\t\t\t\t\t<div class=\"elementor-container elementor-column-gap-default\">\n\t\t\t\t\t<div class=\"elementor-column elementor-col-100 elementor-top-column elementor-element elementor-element-6760268\" data-id=\"6760268\" data-element_type=\"column\">\n\t\t\t<div class=\"elementor-widget-wrap elementor-element-populated\">\n\t\t\t\t\t\t<div class=\"elementor-element elementor-element-4057b26 elementor-widget__width-initial dce_masking-none elementor-widget elementor-widget-image\" data-id=\"4057b26\" data-element_type=\"widget\" data-widget_type=\"image.default\">\n\t\t\t\t<div class=\"elementor-widget-container\">\n\t\t\t\t\t\t\t\t\t\t\t\t\t\t\t<img fetchpriority=\"high\" decoding=\"async\" width=\"545\" height=\"491\" src=\"https:\/\/villafernandes.it\/wp-content\/uploads\/2025\/05\/Copia-di-DABLIU-Il-Bene-Comune-che-Genera-Opportunita-1.png\" class=\"attachment-full size-full wp-image-2205\" alt=\"\" srcset=\"https:\/\/villafernandes.it\/wp-content\/uploads\/2025\/05\/Copia-di-DABLIU-Il-Bene-Comune-che-Genera-Opportunita-1.png 545w, https:\/\/villafernandes.it\/wp-content\/uploads\/2025\/05\/Copia-di-DABLIU-Il-Bene-Comune-che-Genera-Opportunita-1-300x270.png 300w, https:\/\/villafernandes.it\/wp-content\/uploads\/2025\/05\/Copia-di-DABLIU-Il-Bene-Comune-che-Genera-Opportunita-1-13x12.png 13w\" sizes=\"(max-width: 545px) 100vw, 545px\" \/>\t\t\t\t\t\t\t\t\t\t\t\t\t\t\t<\/div>\n\t\t\t\t<\/div>\n\t\t\t\t\t<\/div>\n\t\t<\/div>\n\t\t\t\t\t<\/div>\n\t\t<\/section>\n\t\t\t\t<section class=\"elementor-section elementor-top-section elementor-element elementor-element-40b2ea2 elementor-section-content-middle elementor-section-boxed elementor-section-height-default elementor-section-height-default\" data-id=\"40b2ea2\" data-element_type=\"section\" data-settings=\"{&quot;background_background&quot;:&quot;classic&quot;}\">\n\t\t\t\t\t\t<div class=\"elementor-container elementor-column-gap-default\">\n\t\t\t\t\t<div class=\"elementor-column elementor-col-50 elementor-top-column elementor-element elementor-element-dbc7853\" data-id=\"dbc7853\" data-element_type=\"column\">\n\t\t\t<div class=\"elementor-widget-wrap elementor-element-populated\">\n\t\t\t\t\t\t<div class=\"elementor-element elementor-element-80cba23 animated-fast elementor-invisible elementor-widget elementor-widget-heading\" data-id=\"80cba23\" data-element_type=\"widget\" data-settings=\"{&quot;_animation&quot;:&quot;fadeInDown&quot;}\" data-widget_type=\"heading.default\">\n\t\t\t\t<div class=\"elementor-widget-container\">\n\t\t\t\t\t<h3 class=\"elementor-heading-title elementor-size-default\">Restaurant Dabliu\n<\/h3>\t\t\t\t<\/div>\n\t\t\t\t<\/div>\n\t\t\t\t<div class=\"elementor-element elementor-element-e099f97 animated-fast elementor-invisible elementor-widget elementor-widget-text-editor\" data-id=\"e099f97\" data-element_type=\"widget\" data-settings=\"{&quot;_animation&quot;:&quot;fadeIn&quot;,&quot;_animation_delay&quot;:300}\" data-widget_type=\"text-editor.default\">\n\t\t\t\t<div class=\"elementor-widget-container\">\n\t\t\t\t\t\t\t\t\t<p><b>The Caf\u00e9 Bistro Restaurant that resides in Villa Fernandes is<br \/>an experiment in innovative business:<\/b> it's open all<br \/>days and all day, and offers to the public the typical services of a bar, bistro and restaurant and at the same time it also serves as a place for meetings and<br \/>socialization, a place to refine thought and promote intersections between productive activities,<br \/>cultural promotion and training<br \/>while also allowing consultations for the creation of new businesses.<\/p>\t\t\t\t\t\t\t\t<\/div>\n\t\t\t\t<\/div>\n\t\t\t\t<div class=\"elementor-element elementor-element-c98e735 animated-fast elementor-invisible elementor-widget elementor-widget-text-editor\" data-id=\"c98e735\" data-element_type=\"widget\" data-settings=\"{&quot;_animation&quot;:&quot;fadeIn&quot;,&quot;_animation_delay&quot;:300}\" data-widget_type=\"text-editor.default\">\n\t\t\t\t<div class=\"elementor-widget-container\">\n\t\t\t\t\t\t\t\t\tThis networking is not only expected between persons who may, in\nan informal context, design development plans or business plans, but also between the various services that are provided (like training courses,\nand work internships for the inclusion of young people and people with disabilities).\t\t\t\t\t\t\t\t<\/div>\n\t\t\t\t<\/div>\n\t\t\t\t\t<\/div>\n\t\t<\/div>\n\t\t\t\t<div class=\"elementor-column elementor-col-50 elementor-top-column elementor-element elementor-element-1d879c6 elementor-invisible\" data-id=\"1d879c6\" data-element_type=\"column\" data-settings=\"{&quot;animation&quot;:&quot;fadeInRight&quot;}\">\n\t\t\t<div class=\"elementor-widget-wrap elementor-element-populated\">\n\t\t\t\t\t\t<div class=\"elementor-element elementor-element-d21ee20 elementor-widget__width-initial dce_masking-none elementor-widget elementor-widget-image\" data-id=\"d21ee20\" data-element_type=\"widget\" data-widget_type=\"image.default\">\n\t\t\t\t<div class=\"elementor-widget-container\">\n\t\t\t\t\t\t\t\t\t\t\t\t\t\t\t<img decoding=\"async\" width=\"2669\" height=\"2029\" src=\"https:\/\/villafernandes.it\/wp-content\/uploads\/2024\/07\/6_Ristorante-Dabliu-min.png\" class=\"attachment-full size-full wp-image-631\" alt=\"\" srcset=\"https:\/\/villafernandes.it\/wp-content\/uploads\/2024\/07\/6_Ristorante-Dabliu-min.png 2669w, https:\/\/villafernandes.it\/wp-content\/uploads\/2024\/07\/6_Ristorante-Dabliu-min-300x228.png 300w, https:\/\/villafernandes.it\/wp-content\/uploads\/2024\/07\/6_Ristorante-Dabliu-min-1024x778.png 1024w, https:\/\/villafernandes.it\/wp-content\/uploads\/2024\/07\/6_Ristorante-Dabliu-min-768x584.png 768w, https:\/\/villafernandes.it\/wp-content\/uploads\/2024\/07\/6_Ristorante-Dabliu-min-1536x1168.png 1536w, https:\/\/villafernandes.it\/wp-content\/uploads\/2024\/07\/6_Ristorante-Dabliu-min-2048x1557.png 2048w\" sizes=\"(max-width: 2669px) 100vw, 2669px\" \/>\t\t\t\t\t\t\t\t\t\t\t\t\t\t\t<\/div>\n\t\t\t\t<\/div>\n\t\t\t\t<div class=\"elementor-element elementor-element-c6838c0 dce_masking-none elementor-widget elementor-widget-image\" data-id=\"c6838c0\" data-element_type=\"widget\" data-widget_type=\"image.default\">\n\t\t\t\t<div class=\"elementor-widget-container\">\n\t\t\t\t\t\t\t\t\t\t\t\t\t\t\t<img decoding=\"async\" width=\"545\" height=\"491\" src=\"https:\/\/villafernandes.it\/wp-content\/uploads\/2025\/05\/Copia-di-DABLIU-Il-Bene-Comune-che-Genera-Opportunita-1.png\" class=\"attachment-large size-large wp-image-2205\" alt=\"\" srcset=\"https:\/\/villafernandes.it\/wp-content\/uploads\/2025\/05\/Copia-di-DABLIU-Il-Bene-Comune-che-Genera-Opportunita-1.png 545w, https:\/\/villafernandes.it\/wp-content\/uploads\/2025\/05\/Copia-di-DABLIU-Il-Bene-Comune-che-Genera-Opportunita-1-300x270.png 300w, https:\/\/villafernandes.it\/wp-content\/uploads\/2025\/05\/Copia-di-DABLIU-Il-Bene-Comune-che-Genera-Opportunita-1-13x12.png 13w\" sizes=\"(max-width: 545px) 100vw, 545px\" \/>\t\t\t\t\t\t\t\t\t\t\t\t\t\t\t<\/div>\n\t\t\t\t<\/div>\n\t\t\t\t<div class=\"elementor-element elementor-element-846aab8 elementor-align-center elementor-widget elementor-widget-button\" data-id=\"846aab8\" data-element_type=\"widget\" data-widget_type=\"button.default\">\n\t\t\t\t<div class=\"elementor-widget-container\">\n\t\t\t\t\t\t\t\t\t<div class=\"elementor-button-wrapper\">\n\t\t\t\t\t<a class=\"elementor-button elementor-button-link elementor-size-sm\" href=\"https:\/\/dabliubistro.it\/\">\n\t\t\t\t\t\t<span class=\"elementor-button-content-wrapper\">\n\t\t\t\t\t\t\t\t\t<span class=\"elementor-button-text\">go to the site dabli\u00f9<\/span>\n\t\t\t\t\t<\/span>\n\t\t\t\t\t<\/a>\n\t\t\t\t<\/div>\n\t\t\t\t\t\t\t\t<\/div>\n\t\t\t\t<\/div>\n\t\t\t\t\t<\/div>\n\t\t<\/div>\n\t\t\t\t\t<\/div>\n\t\t<\/section>\n\t\t\t\t<\/div>","protected":false},"excerpt":{"rendered":"<p>Dabliu Bistr\u00f2 Ristorante Dabliu Il Ristorante Caff\u00e8 Bistr\u00f2 all\u2019interno di Villa Fernandes \u00e8un esperimento imprenditoriale innovativo: aperto tutti igiorni e per tutto il giorno, offre al pubblico i servizi tipici [&hellip;]<\/p>","protected":false},"author":7,"featured_media":0,"parent":0,"menu_order":0,"comment_status":"closed","ping_status":"closed","template":"","meta":{"_acf_changed":false,"footnotes":""},"class_list":["post-3177","page","type-page","status-publish","hentry"],"acf":[],"_links":{"self":[{"href":"https:\/\/villafernandes.it\/en\/wp-json\/wp\/v2\/pages\/3177"}],"collection":[{"href":"https:\/\/villafernandes.it\/en\/wp-json\/wp\/v2\/pages"}],"about":[{"href":"https:\/\/villafernandes.it\/en\/wp-json\/wp\/v2\/types\/page"}],"author":[{"embeddable":true,"href":"https:\/\/villafernandes.it\/en\/wp-json\/wp\/v2\/users\/7"}],"replies":[{"embeddable":true,"href":"https:\/\/villafernandes.it\/en\/wp-json\/wp\/v2\/comments?post=3177"}],"version-history":[{"count":7,"href":"https:\/\/villafernandes.it\/en\/wp-json\/wp\/v2\/pages\/3177\/revisions"}],"predecessor-version":[{"id":3249,"href":"https:\/\/villafernandes.it\/en\/wp-json\/wp\/v2\/pages\/3177\/revisions\/3249"}],"wp:attachment":[{"href":"https:\/\/villafernandes.it\/en\/wp-json\/wp\/v2\/media?parent=3177"}],"curies":[{"name":"wp","href":"https:\/\/api.w.org\/{rel}","templated":true}]}}