{"id":2879,"date":"2025-06-12T16:14:26","date_gmt":"2025-06-12T14:14:26","guid":{"rendered":"https:\/\/villafernandes.it\/?page_id=2879"},"modified":"2025-06-12T16:15:16","modified_gmt":"2025-06-12T14:15:16","slug":"comunita-educante","status":"publish","type":"page","link":"https:\/\/villafernandes.it\/en\/comunita-educante\/","title":{"rendered":"Educating community"},"content":{"rendered":"<div data-elementor-type=\"wp-page\" data-elementor-id=\"2879\" class=\"elementor elementor-2879\" data-elementor-post-type=\"page\">\n\t\t\t\t\t\t<section data-dce-background-image-url=\"https:\/\/villafernandes.it\/wp-content\/uploads\/2025\/06\/WhatsApp-Image-2025-03-27-at-18.48.34-1-e1744642079426.jpg\" class=\"elementor-section elementor-top-section elementor-element elementor-element-f22686d elementor-section-height-min-height elementor-section-boxed elementor-section-height-default elementor-section-items-middle\" data-id=\"f22686d\" data-element_type=\"section\" data-settings=\"{&quot;background_background&quot;:&quot;classic&quot;,&quot;background_motion_fx_motion_fx_scrolling&quot;:&quot;yes&quot;,&quot;background_motion_fx_scale_effect&quot;:&quot;yes&quot;,&quot;background_motion_fx_scale_speed&quot;:{&quot;unit&quot;:&quot;px&quot;,&quot;size&quot;:2,&quot;sizes&quot;:[]},&quot;background_motion_fx_scale_direction&quot;:&quot;out-in&quot;,&quot;background_motion_fx_scale_range&quot;:{&quot;unit&quot;:&quot;%&quot;,&quot;size&quot;:&quot;&quot;,&quot;sizes&quot;:{&quot;start&quot;:20,&quot;end&quot;:80}},&quot;background_motion_fx_devices&quot;:[&quot;desktop&quot;,&quot;tablet&quot;,&quot;mobile&quot;]}\">\n\t\t\t\t\t\t\t<div class=\"elementor-background-overlay\"><\/div>\n\t\t\t\t\t\t\t<div class=\"elementor-container elementor-column-gap-default\">\n\t\t\t\t\t<div class=\"elementor-column elementor-col-100 elementor-top-column elementor-element elementor-element-96e0fea\" data-id=\"96e0fea\" data-element_type=\"column\">\n\t\t\t<div class=\"elementor-widget-wrap elementor-element-populated\">\n\t\t\t\t\t\t<div class=\"elementor-element elementor-element-d653536 animated-fast elementor-invisible elementor-widget elementor-widget-heading\" data-id=\"d653536\" data-element_type=\"widget\" data-settings=\"{&quot;_animation&quot;:&quot;fadeInUp&quot;,&quot;_animation_tablet&quot;:&quot;fadeIn&quot;}\" data-widget_type=\"heading.default\">\n\t\t\t\t<div class=\"elementor-widget-container\">\n\t\t\t\t\t<h1 class=\"elementor-heading-title elementor-size-default\">Educating community<\/h1>\t\t\t\t<\/div>\n\t\t\t\t<\/div>\n\t\t\t\t\t<\/div>\n\t\t<\/div>\n\t\t\t\t\t<\/div>\n\t\t<\/section>\n\t\t\t\t<section class=\"elementor-section elementor-top-section elementor-element elementor-element-1695dd1 elementor-section-content-middle elementor-section-boxed elementor-section-height-default elementor-section-height-default\" data-id=\"1695dd1\" data-element_type=\"section\" data-settings=\"{&quot;background_background&quot;:&quot;classic&quot;}\">\n\t\t\t\t\t\t<div class=\"elementor-container elementor-column-gap-default\">\n\t\t\t\t\t<div class=\"elementor-column elementor-col-100 elementor-top-column elementor-element elementor-element-6760268\" data-id=\"6760268\" data-element_type=\"column\">\n\t\t\t<div class=\"elementor-widget-wrap elementor-element-populated\">\n\t\t\t\t\t\t<div class=\"elementor-element elementor-element-4057b26 elementor-widget__width-initial dce_masking-none elementor-widget elementor-widget-image\" data-id=\"4057b26\" data-element_type=\"widget\" data-widget_type=\"image.default\">\n\t\t\t\t<div class=\"elementor-widget-container\">\n\t\t\t\t\t\t\t\t\t\t\t\t\t\t\t<img decoding=\"async\" width=\"231\" height=\"171\" src=\"https:\/\/villafernandes.it\/wp-content\/uploads\/2025\/06\/Logo-Pntaku.png\" class=\"attachment-full size-full wp-image-2881\" alt=\"\" srcset=\"https:\/\/villafernandes.it\/wp-content\/uploads\/2025\/06\/Logo-Pntaku.png 231w, https:\/\/villafernandes.it\/wp-content\/uploads\/2025\/06\/Logo-Pntaku-16x12.png 16w\" sizes=\"(max-width: 231px) 100vw, 231px\" \/>\t\t\t\t\t\t\t\t\t\t\t\t\t\t\t<\/div>\n\t\t\t\t<\/div>\n\t\t\t\t<div class=\"elementor-element elementor-element-1875ec7 animated-fast elementor-invisible elementor-widget elementor-widget-text-editor\" data-id=\"1875ec7\" data-element_type=\"widget\" data-settings=\"{&quot;_animation&quot;:&quot;fadeIn&quot;,&quot;_animation_delay&quot;:300}\" data-widget_type=\"text-editor.default\">\n\t\t\t\t<div class=\"elementor-widget-container\">\n\t\t\t\t\t\t\t\t\t<p><b>EVERY KID IS A PROMISE.<br \/>EVERY ADULT IS A POSSIBILITY.<\/b><\/p>\t\t\t\t\t\t\t\t<\/div>\n\t\t\t\t<\/div>\n\t\t\t\t<div class=\"elementor-element elementor-element-c7a5573 animated-fast elementor-invisible elementor-widget elementor-widget-text-editor\" data-id=\"c7a5573\" data-element_type=\"widget\" data-settings=\"{&quot;_animation&quot;:&quot;fadeIn&quot;,&quot;_animation_delay&quot;:300}\" data-widget_type=\"text-editor.default\">\n\t\t\t\t<div class=\"elementor-widget-container\">\n\t\t\t\t\t\t\t\t\t<p>In the heart of our city PANTHAK\u00d9 was born:<br \/>an Educating Community that unites different energies for a common goal.<br \/><br \/><\/p>\t\t\t\t\t\t\t\t<\/div>\n\t\t\t\t<\/div>\n\t\t\t\t\t<\/div>\n\t\t<\/div>\n\t\t\t\t\t<\/div>\n\t\t<\/section>\n\t\t\t\t<section class=\"elementor-section elementor-top-section elementor-element elementor-element-fb2b4eb elementor-section-content-middle elementor-section-boxed elementor-section-height-default elementor-section-height-default\" data-id=\"fb2b4eb\" data-element_type=\"section\" data-settings=\"{&quot;background_background&quot;:&quot;classic&quot;}\">\n\t\t\t\t\t\t<div class=\"elementor-container elementor-column-gap-default\">\n\t\t\t\t\t<div class=\"elementor-column elementor-col-50 elementor-top-column elementor-element elementor-element-fb42b95\" data-id=\"fb42b95\" data-element_type=\"column\">\n\t\t\t<div class=\"elementor-widget-wrap elementor-element-populated\">\n\t\t\t\t\t\t<div class=\"elementor-element elementor-element-ac9bb35 animated-fast elementor-invisible elementor-widget elementor-widget-heading\" data-id=\"ac9bb35\" data-element_type=\"widget\" data-settings=\"{&quot;_animation&quot;:&quot;fadeInDown&quot;}\" data-widget_type=\"heading.default\">\n\t\t\t\t<div class=\"elementor-widget-container\">\n\t\t\t\t\t<h3 class=\"elementor-heading-title elementor-size-default\">Educating Community\n<\/h3>\t\t\t\t<\/div>\n\t\t\t\t<\/div>\n\t\t\t\t<div class=\"elementor-element elementor-element-5bb4301 animated-fast elementor-invisible elementor-widget elementor-widget-text-editor\" data-id=\"5bb4301\" data-element_type=\"widget\" data-settings=\"{&quot;_animation&quot;:&quot;fadeIn&quot;,&quot;_animation_delay&quot;:300}\" data-widget_type=\"text-editor.default\">\n\t\t\t\t<div class=\"elementor-widget-container\">\n\t\t\t\t\t\t\t\t\tIt is a community composed of a set of actors operating in the territory for different purposes which are committed to ensuring the welfare and growth of boys and girls in a particular area of a city, neighborhood or town and strengthen the parenting skills and educators (formal \/informal) in relation to certain issues.<\/br> A further objective is to fight the negative perception of the individuals belonging to younger groups of the population which sees the neighborhood, the town or the community in which they live as devoid of opportunities for growth and development.\t\t\t\t\t\t\t\t<\/div>\n\t\t\t\t<\/div>\n\t\t\t\t<div class=\"elementor-element elementor-element-25ba5ba animated-fast elementor-align-left elementor-invisible elementor-widget elementor-widget-button\" data-id=\"25ba5ba\" data-element_type=\"widget\" data-settings=\"{&quot;_animation&quot;:&quot;fadeInUp&quot;,&quot;_animation_tablet&quot;:&quot;fadeInDown&quot;}\" data-widget_type=\"button.default\">\n\t\t\t\t<div class=\"elementor-widget-container\">\n\t\t\t\t\t\t\t\t\t<div class=\"elementor-button-wrapper\">\n\t\t\t\t\t<a class=\"elementor-button elementor-button-link elementor-size-sm\" href=\"https:\/\/educazione.villafernandes.it\/\">\n\t\t\t\t\t\t<span class=\"elementor-button-content-wrapper\">\n\t\t\t\t\t\t\t\t\t<span class=\"elementor-button-text\">GO TO the WEBSITE OF the EDUCATIONAL Community<\/span>\n\t\t\t\t\t<\/span>\n\t\t\t\t\t<\/a>\n\t\t\t\t<\/div>\n\t\t\t\t\t\t\t\t<\/div>\n\t\t\t\t<\/div>\n\t\t\t\t\t<\/div>\n\t\t<\/div>\n\t\t\t\t<div class=\"elementor-column elementor-col-50 elementor-top-column elementor-element elementor-element-b269019 elementor-invisible\" data-id=\"b269019\" data-element_type=\"column\" data-settings=\"{&quot;animation&quot;:&quot;fadeInRight&quot;}\">\n\t\t\t<div class=\"elementor-widget-wrap elementor-element-populated\">\n\t\t\t\t\t\t<div class=\"elementor-element elementor-element-4bf1b9b elementor-widget__width-initial dce_masking-none elementor-widget elementor-widget-image\" data-id=\"4bf1b9b\" data-element_type=\"widget\" data-widget_type=\"image.default\">\n\t\t\t\t<div class=\"elementor-widget-container\">\n\t\t\t\t\t\t\t\t\t\t\t\t\t\t\t<img fetchpriority=\"high\" decoding=\"async\" width=\"2669\" height=\"2029\" src=\"https:\/\/villafernandes.it\/wp-content\/uploads\/2024\/07\/box-comunita-educante.png\" class=\"attachment-full size-full wp-image-741\" alt=\"\" srcset=\"https:\/\/villafernandes.it\/wp-content\/uploads\/2024\/07\/box-comunita-educante.png 2669w, https:\/\/villafernandes.it\/wp-content\/uploads\/2024\/07\/box-comunita-educante-300x228.png 300w, https:\/\/villafernandes.it\/wp-content\/uploads\/2024\/07\/box-comunita-educante-1024x778.png 1024w, https:\/\/villafernandes.it\/wp-content\/uploads\/2024\/07\/box-comunita-educante-768x584.png 768w, https:\/\/villafernandes.it\/wp-content\/uploads\/2024\/07\/box-comunita-educante-1536x1168.png 1536w, https:\/\/villafernandes.it\/wp-content\/uploads\/2024\/07\/box-comunita-educante-2048x1557.png 2048w\" sizes=\"(max-width: 2669px) 100vw, 2669px\" \/>\t\t\t\t\t\t\t\t\t\t\t\t\t\t\t<\/div>\n\t\t\t\t<\/div>\n\t\t\t\t\t<\/div>\n\t\t<\/div>\n\t\t\t\t\t<\/div>\n\t\t<\/section>\n\t\t\t\t<\/div>","protected":false},"excerpt":{"rendered":"<p>Comunit\u00e0 educante OGNI RAGAZZO \u00c8 UNA PROMESSA.OGNI ADULTO \u00c8UNA POSSIBILIT\u00c0. Nel cuore delle nostre citt\u00e0 nasce PANTHAK\u00d9:una Comunit\u00e0 Educante che unisce energie diverse per un obiettivo comune. Comunit\u00e0 Educante \u00c8 [&hellip;]<\/p>","protected":false},"author":7,"featured_media":0,"parent":0,"menu_order":0,"comment_status":"closed","ping_status":"closed","template":"","meta":{"_acf_changed":false,"footnotes":""},"class_list":["post-2879","page","type-page","status-publish","hentry"],"acf":[],"_links":{"self":[{"href":"https:\/\/villafernandes.it\/en\/wp-json\/wp\/v2\/pages\/2879"}],"collection":[{"href":"https:\/\/villafernandes.it\/en\/wp-json\/wp\/v2\/pages"}],"about":[{"href":"https:\/\/villafernandes.it\/en\/wp-json\/wp\/v2\/types\/page"}],"author":[{"embeddable":true,"href":"https:\/\/villafernandes.it\/en\/wp-json\/wp\/v2\/users\/7"}],"replies":[{"embeddable":true,"href":"https:\/\/villafernandes.it\/en\/wp-json\/wp\/v2\/comments?post=2879"}],"version-history":[{"count":4,"href":"https:\/\/villafernandes.it\/en\/wp-json\/wp\/v2\/pages\/2879\/revisions"}],"predecessor-version":[{"id":2885,"href":"https:\/\/villafernandes.it\/en\/wp-json\/wp\/v2\/pages\/2879\/revisions\/2885"}],"wp:attachment":[{"href":"https:\/\/villafernandes.it\/en\/wp-json\/wp\/v2\/media?parent=2879"}],"curies":[{"name":"wp","href":"https:\/\/api.w.org\/{rel}","templated":true}]}}